{"id":49,"date":"2025-09-16T14:38:23","date_gmt":"2025-09-16T14:38:23","guid":{"rendered":"https:\/\/mojeminisesje.pl\/?page_id=49"},"modified":"2025-09-17T08:18:24","modified_gmt":"2025-09-17T08:18:24","slug":"lokalizacje-2025","status":"publish","type":"page","link":"https:\/\/mojeminisesje.pl\/?page_id=49","title":{"rendered":"Rezerwacje 2025"},"content":{"rendered":"\n<div class=\"wp-block-premium-container premium-container-8bdf4a87699f  alignfull premium-is-root-container\"><div class=\"premium-container-inner-blocks-wrap\">\n<h2 class=\"wp-block-heading\" id=\"dlaczego-wybor-miejsca-jest-taki-wazny\">Dlaczego wyb\u00f3r miejsca jest taki wa\u017cny?<\/h2>\n\n\n\n<p>Miejsce sesji ma ogromne znaczenie \u2014 to ono buduje klimat zdj\u0119\u0107, dodaje im charakteru i sprawia, \u017ce czujecie si\u0119 swobodnie. Dlatego wybieram dla Was tylko najlepsze studia w Warszawie, kt\u00f3re w okresie \u015bwi\u0105t zamieniaj\u0105 si\u0119 w magiczne przestrzenie pe\u0142ne ciep\u0142a, detali i wyj\u0105tkowej atmosfery. Oto dwie lokalizacje, w kt\u00f3rych w tym roku spotkamy si\u0119 na mini sesjach.<\/p>\n\n\n\n<p>Nasze mini sesje odbywaj\u0105 si\u0119 w r\u00f3\u017cnych studiach fotograficznych, aby\u015b m\u00f3g\u0142 wybra\u0107 przestrze\u0144 idealnie dopasowan\u0105 do swojego stylu i nastroju zdj\u0119\u0107.<\/p>\n\n\n\n<h2 class=\"wp-block-heading\" id=\"w-jaki-sposob-dokonac-rezerwacji\">W jaki spos\u00f3b dokona\u0107 rezerwacji?<\/h2>\n\n\n\n<ol class=\"wp-block-list\">\n<li><strong>Najpierw wybierz studio<\/strong> <strong>i zarezerwuj w nim sw\u00f3j termin sesji<\/strong> \u2013 to w nim odb\u0119dzie si\u0119 Twoja sesja.<\/li>\n\n\n\n<li><strong>Nast\u0119pnie zarezerwuj termin u mnie<\/strong> \u2013 w tym samym dniu i godzinie, kt\u00f3re wybra\u0142e\u015b w kalendarzu studia.<\/li>\n\n\n\n<li><strong>Potwierdzenie rezerwacji<\/strong> \u2013 po dokonaniu zapis\u00f3w otrzymasz ode mnie wiadomo\u015b\u0107 e-mail oraz SMS z potwierdzeniem, \u017ceby\u015b mia\u0142 100% pewno\u015bci, \u017ce wszystko jest zarezerwowane.<\/li>\n<\/ol>\n\n\n\n<p>Dzi\u0119ki temu proces jest prosty i przejrzysty, a Ty mo\u017cesz skupi\u0107 si\u0119 tylko na czekaj\u0105cej Ci\u0119 wyj\u0105tkowej sesji. \ud83d\udcf8\u2728<\/p>\n<\/div><\/div>\n\n\n\n<div>\n<div class=\"wp-block-greenshift-blocks-row gspb_row gspb_row-id-gsbp-6f994f8\" id=\"gspb_row-id-gsbp-6f994f8\"><div class=\"gspb_row__content\"> \n<div class=\"wp-block-greenshift-blocks-row-column gspb_row__col--6 gspb_col-id-gsbp-b2f2136\" id=\"gspb_col-id-gsbp-b2f2136\"><div class=\"pgc-sgb-cb wp-block-pgcsimplygalleryblock-slider \" data-gallery-id=\"cc622406\"style=&quot;min-height:780px&quot;><div class=\"sgb-preloader\" id=\"pr_cc622406\">\n\t<div class=\"sgb-square\" style=\"background:#d4d4d4\"><\/div>\n\t<div class=\"sgb-square\" style=\"background:#d4d4d4\"><\/div>\n\t<div class=\"sgb-square\" style=\"background:#d4d4d4\"><\/div>\n\t<div class=\"sgb-square\" style=\"background:#d4d4d4\"><\/div><\/div><div class=\"simply-gallery-amp pgc_sgb_slider \"><noscript><div class=\"sgb-gallery\"><div class=\"sgb-item\"><a href=\"https:\/\/mojeminisesje.pl\/?attachment_id=54\" target=\"_blank\"><img decoding=\"async\" alt=\"\" width=\"200\" height=\"300\" loading=\"lazy\" src=\"https:\/\/mojeminisesje.pl\/wp-content\/uploads\/2025\/09\/bajkowycyrk-1-200x300.jpg\" srcset=\"https:\/\/mojeminisesje.pl\/wp-content\/uploads\/2025\/09\/bajkowycyrk-1-200x300.jpg 200w,https:\/\/mojeminisesje.pl\/wp-content\/uploads\/2025\/09\/bajkowycyrk-1-681x1024.jpg 681w,https:\/\/mojeminisesje.pl\/wp-content\/uploads\/2025\/09\/bajkowycyrk-1.jpg 998w\" sizes=\"auto, 250px\"\/><\/a><\/div><\/div><\/noscript><\/div><script type=\"application\/json\" class=\"sgb-data\">{\"captions\":false,\"collectionThumbSubMenuDownload\":false,\"collectionThumbSubMenuShare\":false,\"sliderMaxHeight\":780,\"sliderAdminWidth\":605,\"collectionColumns\":1,\"sliderNextPrevNavigation\":false,\"sliderThumbsNavi\":false,\"galleryType\":\"pgc_sgb_slider\",\"galleryId\":\"cc622406\",\"images\":[{\"id\":54,\"title\":\"bajkowycyrk-1\",\"url\":\"https:\/\/mojeminisesje.pl\/wp-content\/uploads\/2025\/09\/bajkowycyrk-1.jpg\",\"link\":\"https:\/\/mojeminisesje.pl\/?attachment_id=54\",\"alt\":\"\",\"description\":\"\",\"caption\":\"\",\"mime\":\"image\/jpeg\",\"type\":\"image\",\"width\":998,\"height\":1500,\"sizes\":{\"thumbnail\":{\"height\":150,\"width\":150,\"url\":\"https:\/\/mojeminisesje.pl\/wp-content\/uploads\/2025\/09\/bajkowycyrk-1-150x150.jpg\",\"orientation\":\"landscape\"},\"medium\":{\"height\":300,\"width\":200,\"url\":\"https:\/\/mojeminisesje.pl\/wp-content\/uploads\/2025\/09\/bajkowycyrk-1-200x300.jpg\",\"orientation\":\"portrait\"},\"large\":{\"height\":1024,\"width\":681,\"url\":\"https:\/\/mojeminisesje.pl\/wp-content\/uploads\/2025\/09\/bajkowycyrk-1-681x1024.jpg\",\"orientation\":\"portrait\"},\"full\":{\"url\":\"https:\/\/mojeminisesje.pl\/wp-content\/uploads\/2025\/09\/bajkowycyrk-1.jpg\",\"height\":1500,\"width\":998,\"orientation\":\"portrait\"}},\"imageMeta\":{\"aperture\":\"1.8\",\"credit\":\"\",\"camera\":\"NIKON Z 6\",\"caption\":\"\",\"created_timestamp\":\"1732482748\",\"copyright\":\"\",\"focal_length\":\"50\",\"iso\":\"640\",\"shutter_speed\":\"0.004\",\"title\":\"\",\"orientation\":\"0\",\"keywords\":[]},\"meta\":false,\"postlink\":\"https:\/\/mojeminisesje.pl\/?attachment_id=54\"}],\"displayConditions\":{\"enabled\":false,\"operator\":\"and\",\"conditions\":[]},\"conditionalBlocksAttributes\":[],\"conditionalBlocks\":[],\"itemsMetaDataCollection\":[]}<\/script><script>(function(){if(window.PGC_SGB && window.PGC_SGB.searcher){window.PGC_SGB.searcher.initBlocks()}})()<\/script><\/div><\/div>\n\n\n\n<div class=\"wp-block-greenshift-blocks-row-column gspb_row__col--6 gspb_col-id-gsbp-53b5ca0\" id=\"gspb_col-id-gsbp-53b5ca0\">\n<h2 class=\"wp-block-heading\" id=\"studio-mala-noc\">Studio Ma\u0142a Noc<\/h2>\n\n\n\n<p>Studio Ma\u0142a Noc to kameralna przestrze\u0144 wype\u0142niona naturalnym \u015bwiat\u0142em i przytuln\u0105 atmosfer\u0105. W \u015bwi\u0105tecznej ods\u0142onie zamienia si\u0119 w ciep\u0142e, bajkowe wn\u0119trze, gdzie dominuj\u0105 naturalne dekoracje, mi\u0119kkie tkaniny i subtelne \u015bwiat\u0142a. To idealne miejsce dla rodzin, kt\u00f3re szukaj\u0105 spokojnej, intymnej atmosfery, w kt\u00f3rej mo\u017cna swobodnie sp\u0119dzi\u0107 czas i uchwyci\u0107 prawdziwe emocje. Najpierw zarezerwuj miejsce w Ma\u0142ej Nocy <a href=\"https:\/\/malanoc-studio.pl\" data-type=\"link\" data-id=\"https:\/\/malanoc-studio.pl\">na  ich stronie<\/a>, a nast\u0119pnie skorzystaj z poni\u017cszego przycisku, aby zarezerwowa\u0107 mnie, jako fotografa. <\/p>\n\n\n\n<div class=\"wp-block-buttons is-layout-flex wp-block-buttons-is-layout-flex\">\n<div class=\"wp-block-button\"><a class=\"wp-block-button__link has-vivid-red-background-color has-background wp-element-button\">Zarezerwuj sw\u00f3j termin!<\/a><\/div>\n<\/div>\n<\/div>\n <\/div><\/div>\n<\/div>\n\n\n\n<div class=\"wp-block-greenshift-blocks-row gspb_row gspb_row-id-gsbp-dfe7a94\" id=\"gspb_row-id-gsbp-dfe7a94\"><div class=\"gspb_row__content\"> \n<div class=\"wp-block-greenshift-blocks-row-column gspb_row__col--6 gspb_col-id-gsbp-aeae986\" id=\"gspb_col-id-gsbp-aeae986\">\n<h2 class=\"wp-block-heading\" id=\"studio-rownonoc\">Studio R\u00f3wnonoc<\/h2>\n\n\n\n<p>Studio R\u00f3wnonoc to jedna z najbardziej wyj\u0105tkowych przestrzeni fotograficznych w Warszawie. Du\u017ce wn\u0119trza, dopracowane aran\u017cacje i perfekcyjne \u015bwiat\u0142o sprawiaj\u0105, \u017ce zdj\u0119cia nabieraj\u0105 wyj\u0105tkowej jako\u015bci. \u015awi\u0105teczne scenografie przygotowane w R\u00f3wnonocy co roku przyci\u0105gaj\u0105 dziesi\u0105tki rodzin, kt\u00f3re chc\u0105 poczu\u0107 magi\u0119 \u015bwi\u0105t i zabra\u0107 ze sob\u0105 pi\u0119kn\u0105 pami\u0105tk\u0119. To przestrze\u0144, w kt\u00f3rej ka\u017cdy detal ma znaczenie \u2014 od ozd\u00f3b po atmosfer\u0119, kt\u00f3ra sprawia, \u017ce czujecie si\u0119 tu jak w domu. Najpierw zarezerwuj miejsce w Studio R\u00f3wnonoc <a href=\"https:\/\/rownonoc-studio.pl\/rezerwacje-online\/\" data-type=\"link\" data-id=\"https:\/\/rownonoc-studio.pl\/rezerwacje-online\/\">na  ich stronie<\/a>, a nast\u0119pnie skorzystaj z poni\u017cszego przycisku, aby zarezerwowa\u0107 mnie, jako fotografa. <\/p>\n\n\n\n<div class=\"wp-block-buttons is-layout-flex wp-block-buttons-is-layout-flex\">\n<div class=\"wp-block-button\"><a class=\"wp-block-button__link has-vivid-red-background-color has-background wp-element-button\">Zarezerwuj sw\u00f3j termin!<\/a><\/div>\n<\/div>\n<\/div>\n\n\n\n<div class=\"wp-block-greenshift-blocks-row-column gspb_row__col--6 gspb_col-id-gsbp-22d2944\" id=\"gspb_col-id-gsbp-22d2944\"><div class=\"pgc-sgb-cb wp-block-pgcsimplygalleryblock-slider \" data-gallery-id=\"ad719408\"style=&quot;min-height:800px&quot;><div class=\"sgb-preloader\" id=\"pr_ad719408\">\n\t<div class=\"sgb-square\" style=\"background:#d4d4d4\"><\/div>\n\t<div class=\"sgb-square\" style=\"background:#d4d4d4\"><\/div>\n\t<div class=\"sgb-square\" style=\"background:#d4d4d4\"><\/div>\n\t<div class=\"sgb-square\" style=\"background:#d4d4d4\"><\/div><\/div><div class=\"simply-gallery-amp pgc_sgb_slider \"><noscript><div class=\"sgb-gallery\"><div class=\"sgb-item\"><a href=\"https:\/\/mojeminisesje.pl\/?attachment_id=56\" target=\"_blank\"><img decoding=\"async\" alt=\"\" width=\"200\" height=\"300\" loading=\"lazy\" src=\"https:\/\/mojeminisesje.pl\/wp-content\/uploads\/2025\/09\/bajkowycyrk_rownonoc-1-200x300.jpg\" srcset=\"https:\/\/mojeminisesje.pl\/wp-content\/uploads\/2025\/09\/bajkowycyrk_rownonoc-1-200x300.jpg 200w,https:\/\/mojeminisesje.pl\/wp-content\/uploads\/2025\/09\/bajkowycyrk_rownonoc-1-681x1024.jpg 681w,https:\/\/mojeminisesje.pl\/wp-content\/uploads\/2025\/09\/bajkowycyrk_rownonoc-1.jpg 998w\" sizes=\"auto, 250px\"\/><\/a><\/div><\/div><\/noscript><\/div><script type=\"application\/json\" class=\"sgb-data\">{\"captions\":false,\"collectionThumbSubMenuDownload\":false,\"collectionThumbSubMenuShare\":false,\"sliderMaxHeight\":800,\"sliderAdminWidth\":605,\"collectionColumns\":1,\"sliderNextPrevNavigation\":false,\"sliderThumbsNavi\":false,\"galleryType\":\"pgc_sgb_slider\",\"galleryId\":\"ad719408\",\"images\":[{\"id\":56,\"title\":\"bajkowycyrk_rownonoc-1\",\"url\":\"https:\/\/mojeminisesje.pl\/wp-content\/uploads\/2025\/09\/bajkowycyrk_rownonoc-1.jpg\",\"link\":\"https:\/\/mojeminisesje.pl\/?attachment_id=56\",\"alt\":\"\",\"description\":\"\",\"caption\":\"\",\"mime\":\"image\/jpeg\",\"type\":\"image\",\"width\":998,\"height\":1500,\"sizes\":{\"thumbnail\":{\"height\":150,\"width\":150,\"url\":\"https:\/\/mojeminisesje.pl\/wp-content\/uploads\/2025\/09\/bajkowycyrk_rownonoc-1-150x150.jpg\",\"orientation\":\"landscape\"},\"medium\":{\"height\":300,\"width\":200,\"url\":\"https:\/\/mojeminisesje.pl\/wp-content\/uploads\/2025\/09\/bajkowycyrk_rownonoc-1-200x300.jpg\",\"orientation\":\"portrait\"},\"large\":{\"height\":1024,\"width\":681,\"url\":\"https:\/\/mojeminisesje.pl\/wp-content\/uploads\/2025\/09\/bajkowycyrk_rownonoc-1-681x1024.jpg\",\"orientation\":\"portrait\"},\"full\":{\"url\":\"https:\/\/mojeminisesje.pl\/wp-content\/uploads\/2025\/09\/bajkowycyrk_rownonoc-1.jpg\",\"height\":1500,\"width\":998,\"orientation\":\"portrait\"}},\"imageMeta\":{\"aperture\":\"2.2\",\"credit\":\"\",\"camera\":\"NIKON Z 6\",\"caption\":\"\",\"created_timestamp\":\"1701704632\",\"copyright\":\"\",\"focal_length\":\"50\",\"iso\":\"640\",\"shutter_speed\":\"0.003125\",\"title\":\"\",\"orientation\":\"0\",\"keywords\":[]},\"meta\":false,\"postlink\":\"https:\/\/mojeminisesje.pl\/?attachment_id=56\"}],\"displayConditions\":{\"enabled\":false,\"operator\":\"and\",\"conditions\":[]},\"conditionalBlocksAttributes\":[],\"conditionalBlocks\":[],\"itemsMetaDataCollection\":[]}<\/script><script>(function(){if(window.PGC_SGB && window.PGC_SGB.searcher){window.PGC_SGB.searcher.initBlocks()}})()<\/script><\/div><\/div>\n <\/div><\/div>\n\n\n\n<div class=\"wp-block-premium-container premium-container-bcfeaa17bc86  alignfull premium-is-root-container\"><div class=\"premium-container-inner-blocks-wrap\">\n<p>Obie lokalizacje zosta\u0142y wybrane z my\u015bl\u0105 o tym, by\u015bcie mogli cieszy\u0107 si\u0119 nie tylko zdj\u0119ciami, ale tak\u017ce samym do\u015bwiadczeniem sesji. Niezale\u017cnie od tego, kt\u00f3r\u0105 przestrze\u0144 wybierzecie, mo\u017cecie by\u0107 pewni, \u017ce znajdziecie si\u0119 w miejscu pe\u0142nym \u015bwi\u0105tecznego klimatu i przyjaznej atmosfery. Sprawd\u017a dost\u0119pne terminy i wybierz przestrze\u0144, w kt\u00f3rej stworzymy Wasze \u015bwi\u0105teczne wspomnienia.<\/p>\n<\/div><\/div>\n\n\n\n<div>\n<h2 class=\"wp-block-heading has-text-align-center\" id=\"mini-sesje-swiateczne-w-warszawie-prosto-wygodnie-magicznie\">Mini sesje \u015bwi\u0105teczne w Warszawie \u2014 prosto, wygodnie, magicznie<\/h2>\n\n\n\n<p>Nie musisz martwi\u0107 si\u0119 o scenografi\u0119, \u015bwiat\u0142o czy czas trwania zdj\u0119\u0107. Wszystko jest przygotowane tak, aby sesja by\u0142a komfortowa dla ca\u0142ej rodziny, a efektem by\u0142y fotografie, kt\u00f3re oddaj\u0105 prawdziwy klimat \u015bwi\u0105t.<\/p>\n\n\n\n<h2 class=\"wp-block-heading has-text-align-center\" id=\"dlaczego-warto-wybrac-sesje-u-mnie\">Dlaczego warto wybra\u0107 sesj\u0119 u mnie?<\/h2>\n<\/div>\n\n\n\n<div class=\"wp-block-uagb-container uagb-block-1dadd2bd alignfull uagb-is-root-container\"><div class=\"uagb-container-inner-blocks-wrap\">\n<div class=\"wp-block-uagb-icon-list uagb-block-1c00c449\"><div class=\"uagb-icon-list__wrap\">\n<div class=\"wp-block-uagb-icon-list-child uagb-block-d12c2657\"><span class=\"uagb-icon-list__source-wrap\"><svg xmlns=\"https:\/\/www.w3.org\/2000\/svg\" viewBox=\"0 0 448 512\"><path d=\"M413.8 447.1L256 448l0 31.99C256 497.7 241.8 512 224.1 512c-17.67 0-32.1-14.32-32.1-31.99l0-31.99l-158.9-.0099c-28.5 0-43.69-34.49-24.69-56.4l68.98-79.59H62.22c-25.41 0-39.15-29.8-22.67-49.13l60.41-70.85H89.21c-21.28 0-32.87-22.5-19.28-37.31l134.8-146.5c10.4-11.3 28.22-11.3 38.62-.0033l134.9 146.5c13.62 14.81 2.001 37.31-19.28 37.31h-10.77l60.35 70.86c16.46 19.34 2.716 49.12-22.68 49.12h-15.2l68.98 79.59C458.7 413.7 443.1 447.1 413.8 447.1z\"><\/path><\/svg><\/span><span class=\"uagb-icon-list__label\"><strong>Najlepsze lokalizacje w Warszawie<\/strong> \u2013 starannie wybrane studia (Ma\u0142a Noc i R\u00f3wnonoc), kt\u00f3re w okresie \u015bwi\u0105t zamieniaj\u0105 si\u0119 w magiczne przestrzenie pe\u0142ne klimatu i detali.<\/span><\/div>\n\n\n\n<div class=\"wp-block-uagb-icon-list-child uagb-block-0fd68d3f\"><span class=\"uagb-icon-list__source-wrap\"><svg xmlns=\"https:\/\/www.w3.org\/2000\/svg\" viewBox=\"0 0 448 512\"><path d=\"M413.8 447.1L256 448l0 31.99C256 497.7 241.8 512 224.1 512c-17.67 0-32.1-14.32-32.1-31.99l0-31.99l-158.9-.0099c-28.5 0-43.69-34.49-24.69-56.4l68.98-79.59H62.22c-25.41 0-39.15-29.8-22.67-49.13l60.41-70.85H89.21c-21.28 0-32.87-22.5-19.28-37.31l134.8-146.5c10.4-11.3 28.22-11.3 38.62-.0033l134.9 146.5c13.62 14.81 2.001 37.31-19.28 37.31h-10.77l60.35 70.86c16.46 19.34 2.716 49.12-22.68 49.12h-15.2l68.98 79.59C458.7 413.7 443.1 447.1 413.8 447.1z\"><\/path><\/svg><\/span><span class=\"uagb-icon-list__label\"><strong>Profesjonalna, \u015bwi\u0105teczna aran\u017cacja<\/strong> \u2013 gotowe scenografie, kt\u00f3re od razu wprowadzaj\u0105 w wyj\u0105tkowy nastr\u00f3j.<\/span><\/div>\n\n\n\n<div class=\"wp-block-uagb-icon-list-child uagb-block-1c354bf9\"><span class=\"uagb-icon-list__source-wrap\"><svg xmlns=\"https:\/\/www.w3.org\/2000\/svg\" viewBox=\"0 0 448 512\"><path d=\"M413.8 447.1L256 448l0 31.99C256 497.7 241.8 512 224.1 512c-17.67 0-32.1-14.32-32.1-31.99l0-31.99l-158.9-.0099c-28.5 0-43.69-34.49-24.69-56.4l68.98-79.59H62.22c-25.41 0-39.15-29.8-22.67-49.13l60.41-70.85H89.21c-21.28 0-32.87-22.5-19.28-37.31l134.8-146.5c10.4-11.3 28.22-11.3 38.62-.0033l134.9 146.5c13.62 14.81 2.001 37.31-19.28 37.31h-10.77l60.35 70.86c16.46 19.34 2.716 49.12-22.68 49.12h-15.2l68.98 79.59C458.7 413.7 443.1 447.1 413.8 447.1z\"><\/path><\/svg><\/span><span class=\"uagb-icon-list__label\"><strong>Naturalne, pe\u0142ne emocji kadry<\/strong> \u2013 skupiam si\u0119 na autentycznych momentach: rado\u015bci, blisko\u015bci i u\u015bmiechach, zamiast sztucznego pozowania.<\/span><\/div>\n\n\n\n<div class=\"wp-block-uagb-icon-list-child uagb-block-1b0012fe\"><span class=\"uagb-icon-list__source-wrap\"><svg xmlns=\"https:\/\/www.w3.org\/2000\/svg\" viewBox=\"0 0 448 512\"><path d=\"M413.8 447.1L256 448l0 31.99C256 497.7 241.8 512 224.1 512c-17.67 0-32.1-14.32-32.1-31.99l0-31.99l-158.9-.0099c-28.5 0-43.69-34.49-24.69-56.4l68.98-79.59H62.22c-25.41 0-39.15-29.8-22.67-49.13l60.41-70.85H89.21c-21.28 0-32.87-22.5-19.28-37.31l134.8-146.5c10.4-11.3 28.22-11.3 38.62-.0033l134.9 146.5c13.62 14.81 2.001 37.31-19.28 37.31h-10.77l60.35 70.86c16.46 19.34 2.716 49.12-22.68 49.12h-15.2l68.98 79.59C458.7 413.7 443.1 447.1 413.8 447.1z\"><\/path><\/svg><\/span><span class=\"uagb-icon-list__label\"><strong>Kr\u00f3tkie i komfortowe sesje<\/strong> \u2013 idealne dla dzieci i zabieganych rodzin, kt\u00f3re chc\u0105 pi\u0119knych zdj\u0119\u0107 bez stresu i d\u0142ugiego oczekiwania.<\/span><\/div>\n\n\n\n<div class=\"wp-block-uagb-icon-list-child uagb-block-2e4beedc\"><span class=\"uagb-icon-list__source-wrap\"><svg xmlns=\"https:\/\/www.w3.org\/2000\/svg\" viewBox=\"0 0 448 512\"><path d=\"M413.8 447.1L256 448l0 31.99C256 497.7 241.8 512 224.1 512c-17.67 0-32.1-14.32-32.1-31.99l0-31.99l-158.9-.0099c-28.5 0-43.69-34.49-24.69-56.4l68.98-79.59H62.22c-25.41 0-39.15-29.8-22.67-49.13l60.41-70.85H89.21c-21.28 0-32.87-22.5-19.28-37.31l134.8-146.5c10.4-11.3 28.22-11.3 38.62-.0033l134.9 146.5c13.62 14.81 2.001 37.31-19.28 37.31h-10.77l60.35 70.86c16.46 19.34 2.716 49.12-22.68 49.12h-15.2l68.98 79.59C458.7 413.7 443.1 447.1 413.8 447.1z\"><\/path><\/svg><\/span><span class=\"uagb-icon-list__label\"><strong>Profesjonalne prowadzenie sesji<\/strong> \u2013 dbam o atmosfer\u0119, pomagam w pozowaniu i anga\u017cuj\u0119 dzieci, tak aby ka\u017cdy czu\u0142 si\u0119 swobodnie.<\/span><\/div>\n\n\n\n<div class=\"wp-block-uagb-icon-list-child uagb-block-49a636f8\"><span class=\"uagb-icon-list__source-wrap\"><svg xmlns=\"https:\/\/www.w3.org\/2000\/svg\" viewBox=\"0 0 448 512\"><path d=\"M413.8 447.1L256 448l0 31.99C256 497.7 241.8 512 224.1 512c-17.67 0-32.1-14.32-32.1-31.99l0-31.99l-158.9-.0099c-28.5 0-43.69-34.49-24.69-56.4l68.98-79.59H62.22c-25.41 0-39.15-29.8-22.67-49.13l60.41-70.85H89.21c-21.28 0-32.87-22.5-19.28-37.31l134.8-146.5c10.4-11.3 28.22-11.3 38.62-.0033l134.9 146.5c13.62 14.81 2.001 37.31-19.28 37.31h-10.77l60.35 70.86c16.46 19.34 2.716 49.12-22.68 49.12h-15.2l68.98 79.59C458.7 413.7 443.1 447.1 413.8 447.1z\"><\/path><\/svg><\/span><span class=\"uagb-icon-list__label\"><strong>Ponadczasowa pami\u0105tka<\/strong> \u2013 fotografie, kt\u00f3re wykorzystasz na kartki \u015bwi\u0105teczne, prezenty dla bliskich i jako wyj\u0105tkowy rodzinny album.<\/span><\/div>\n\n\n\n<div class=\"wp-block-uagb-icon-list-child uagb-block-680986e0\"><span class=\"uagb-icon-list__source-wrap\"><svg xmlns=\"https:\/\/www.w3.org\/2000\/svg\" viewBox=\"0 0 448 512\"><path d=\"M413.8 447.1L256 448l0 31.99C256 497.7 241.8 512 224.1 512c-17.67 0-32.1-14.32-32.1-31.99l0-31.99l-158.9-.0099c-28.5 0-43.69-34.49-24.69-56.4l68.98-79.59H62.22c-25.41 0-39.15-29.8-22.67-49.13l60.41-70.85H89.21c-21.28 0-32.87-22.5-19.28-37.31l134.8-146.5c10.4-11.3 28.22-11.3 38.62-.0033l134.9 146.5c13.62 14.81 2.001 37.31-19.28 37.31h-10.77l60.35 70.86c16.46 19.34 2.716 49.12-22.68 49.12h-15.2l68.98 79.59C458.7 413.7 443.1 447.1 413.8 447.1z\"><\/path><\/svg><\/span><span class=\"uagb-icon-list__label\"><strong>Rodzinna tradycja<\/strong> \u2013 wielu moich klient\u00f3w wraca na sesje co roku, tworz\u0105c pi\u0119kn\u0105, fotograficzn\u0105 histori\u0119 swoich \u015bwi\u0105t.<\/span><\/div>\n<\/div><\/div>\n<\/div><\/div>\n\n\n\n<p><\/p>\n","protected":false},"excerpt":{"rendered":"<p>Mini sesje \u015bwi\u0105teczne w Warszawie \u2014 prosto, wygodnie, magicznie Nie musisz martwi\u0107 si\u0119 o scenografi\u0119, \u015bwiat\u0142o czy czas trwania zdj\u0119\u0107. Wszystko jest przygotowane tak, aby sesja by\u0142a komfortowa dla ca\u0142ej rodziny, a efektem by\u0142y fotografie, kt\u00f3re oddaj\u0105 prawdziwy klimat \u015bwi\u0105t. Dlaczego warto wybra\u0107 sesj\u0119 u mnie?<\/p>\n","protected":false},"author":1,"featured_media":0,"parent":0,"menu_order":0,"comment_status":"closed","ping_status":"closed","template":"","meta":{"_acf_changed":false,"_gspb_post_css":"#gspb_row-id-gsbp-6f994f8,#gspb_row-id-gsbp-dfe7a94{justify-content:space-between;margin-top:0;margin-bottom:0;display:flex;flex-wrap:wrap}#gspb_row-id-gsbp-6f994f8>.gspb_row__content{display:flex;justify-content:space-between;margin:0 auto;width:100%;flex-wrap:wrap}.gspb_row{position:relative}div[id^=gspb_col-id]{box-sizing:border-box;position:relative;padding:var(--gs-row-column-padding, 15px min(3vw, 20px))}#gspb_col-id-gsbp-b2f2136.gspb_row__col--6{width:50%}@media (max-width:575.98px){#gspb_col-id-gsbp-b2f2136.gspb_row__col--6{width:100%}}#gspb_col-id-gsbp-53b5ca0.gspb_row__col--6{width:50%}@media (max-width:575.98px){#gspb_col-id-gsbp-53b5ca0.gspb_row__col--6{width:100%}}body #gspb_col-id-gsbp-53b5ca0.gspb_row__col--6,body #gspb_col-id-gsbp-aeae986.gspb_row__col--6{display:flex;flex-direction:column;justify-content:center;align-items:center}#gspb_row-id-gsbp-dfe7a94>.gspb_row__content{display:flex;justify-content:space-between;margin:0 auto;width:100%;flex-wrap:wrap}body.gspb-bodyfront #gspb_row-id-gsbp-6f994f8>.gspb_row__content,body.gspb-bodyfront #gspb_row-id-gsbp-dfe7a94>.gspb_row__content{width:var(--theme-container-width, 1200px);max-width:var(--theme-normal-container-max-width, 1200px)}#gspb_col-id-gsbp-aeae986.gspb_row__col--6{width:50%}@media (max-width:575.98px){#gspb_col-id-gsbp-aeae986.gspb_row__col--6{width:100%}}#gspb_col-id-gsbp-22d2944.gspb_row__col--6{width:50%}@media (max-width:575.98px){#gspb_col-id-gsbp-22d2944.gspb_row__col--6{width:100%}}","_uag_custom_page_level_css":"","pgc_sgb_lightbox_settings":"","footnotes":""},"class_list":["post-49","page","type-page","status-publish","hentry"],"blocksy_meta":[],"acf":[],"pbg_featured_image_src":{"full":false,"thumbnail":false,"medium":false,"medium_large":false,"large":false,"1536x1536":false,"2048x2048":false},"pbg_author_info":{"display_name":"admin","author_link":"https:\/\/mojeminisesje.pl\/?author=1","author_img":"<img alt='admin' src='https:\/\/secure.gravatar.com\/avatar\/1c091e84791fc721166fcc1dbc1b8597d4b484adb5b19320860876ff678a3ccf?s=128&#038;d=mm&#038;r=g' srcset='https:\/\/secure.gravatar.com\/avatar\/1c091e84791fc721166fcc1dbc1b8597d4b484adb5b19320860876ff678a3ccf?s=256&#038;d=mm&#038;r=g 2x' class='avatar avatar-128 photo' height='128' width='128' loading='lazy' decoding='async'\/>"},"pbg_comment_info":" No Comments","pbg_excerpt":"Mini sesje \u015bwi\u0105teczne w Warszawie \u2014 prosto, wygodnie, magicznie Nie musisz martwi\u0107 si\u0119 o scenografi\u0119, \u015bwiat\u0142o czy czas trwania zdj\u0119\u0107. Wszystko jest przygotowane tak, aby sesja by\u0142a komfortowa dla ca\u0142ej rodziny, a efektem by\u0142y fotografie, kt\u00f3re oddaj\u0105 prawdziwy klimat \u015bwi\u0105t. Dlaczego warto wybra\u0107 sesj\u0119 u mnie?","uagb_featured_image_src":{"full":false,"thumbnail":false,"medium":false,"medium_large":false,"large":false,"1536x1536":false,"2048x2048":false},"uagb_author_info":{"display_name":"admin","author_link":"https:\/\/mojeminisesje.pl\/?author=1"},"uagb_comment_info":0,"uagb_excerpt":"Mini sesje \u015bwi\u0105teczne w Warszawie \u2014 prosto, wygodnie, magicznie Nie musisz martwi\u0107 si\u0119 o scenografi\u0119, \u015bwiat\u0142o czy czas trwania zdj\u0119\u0107. Wszystko jest przygotowane tak, aby sesja by\u0142a komfortowa dla ca\u0142ej rodziny, a efektem by\u0142y fotografie, kt\u00f3re oddaj\u0105 prawdziwy klimat \u015bwi\u0105t. Dlaczego warto wybra\u0107 sesj\u0119 u mnie?","_links":{"self":[{"href":"https:\/\/mojeminisesje.pl\/index.php?rest_route=\/wp\/v2\/pages\/49","targetHints":{"allow":["GET"]}}],"collection":[{"href":"https:\/\/mojeminisesje.pl\/index.php?rest_route=\/wp\/v2\/pages"}],"about":[{"href":"https:\/\/mojeminisesje.pl\/index.php?rest_route=\/wp\/v2\/types\/page"}],"author":[{"embeddable":true,"href":"https:\/\/mojeminisesje.pl\/index.php?rest_route=\/wp\/v2\/users\/1"}],"replies":[{"embeddable":true,"href":"https:\/\/mojeminisesje.pl\/index.php?rest_route=%2Fwp%2Fv2%2Fcomments&post=49"}],"version-history":[{"count":21,"href":"https:\/\/mojeminisesje.pl\/index.php?rest_route=\/wp\/v2\/pages\/49\/revisions"}],"predecessor-version":[{"id":100,"href":"https:\/\/mojeminisesje.pl\/index.php?rest_route=\/wp\/v2\/pages\/49\/revisions\/100"}],"wp:attachment":[{"href":"https:\/\/mojeminisesje.pl\/index.php?rest_route=%2Fwp%2Fv2%2Fmedia&parent=49"}],"curies":[{"name":"wp","href":"https:\/\/api.w.org\/{rel}","templated":true}]}}